{"id":715,"date":"2015-08-10T14:02:00","date_gmt":"2015-08-10T14:02:00","guid":{"rendered":"http:\/\/www.edituraunmb.ro\/?product=unmb-privire-istorica"},"modified":"2015-08-10T14:42:28","modified_gmt":"2015-08-10T14:42:28","slug":"unmb-privire-istorica","status":"publish","type":"product","link":"https:\/\/www.edituraunmb.ro\/?product=unmb-privire-istorica","title":{"rendered":"UNMB &#8211; Privire istoric\u0103"},"content":{"rendered":"<p>Varianta prescurtat\u0103 a monografiei dedicate istoriei Universit\u0103\u0163ii Na\u0163ionale de Muzic\u0103 prezint\u0103 succint\u00a0 personalit\u0103\u0163i \u015fi evenimente care, \u00eempreun\u0103, au adus prestigiu acestei institu\u0163ii, contribuind la dezvoltarea \u00eenv\u0103\u0163\u0103m\u00e2ntului muzical rom\u00e2nesc pe parcursul a 140 de ani.\u00a0Dup\u0103 primii absolven\u0163i \u2013 Eduard Wachmann, George Steph\u0103nescu, Constantin Dimitrescu (care, dup\u0103 ce \u015fi-au perfec\u0163ionat stagiile \u00een str\u0103in\u0103tate au ocupat catedre \u00een Conservator), au urmat genera\u0163ii de compozitori, c\u00e2nt\u0103re\u0163i, instrumenti\u015fti, critici \u015fi pedagogi de notorietate care \u015fi-au dedicat via\u0163a pentru prestigiul muzicii rom\u00e2ne\u015fti.\u00a0La sf\u00e2r\u015fit exist\u0103 lista complet\u0103 a personalului didactic al UNMB.<\/p>\n","protected":false},"excerpt":{"rendered":"<p>Varianta prescurtat\u0103 a monografiei dedicate istoriei Universit\u0103\u0163ii Na\u0163ionale de Muzic\u0103 prezint\u0103 succint\u00a0 personalit\u0103\u0163i \u015fi evenimente care, \u00eempreun\u0103, au adus prestigiu acestei institu\u0163ii, contribuind la dezvoltarea \u00eenv\u0103\u0163\u0103m\u00e2ntului muzical rom\u00e2nesc pe parcursul a 140 de ani.\u00a0Dup\u0103 primii absolven\u0163i \u2013 Eduard Wachmann, George &hellip; <a href=\"https:\/\/www.edituraunmb.ro\/?product=unmb-privire-istorica\" style=\"padding-left:10px;\">Mai multe detalii<\/a><\/p>\n","protected":false},"featured_media":716,"comment_status":"open","ping_status":"closed","template":"","meta":{"_acf_changed":false},"product_brand":[],"product_cat":[145],"product_tag":[],"class_list":{"0":"post-715","1":"product","2":"type-product","3":"status-publish","4":"has-post-thumbnail","6":"product_cat-145","7":"p_author-octavian-lazar-cosma","8":"t_lucrare-carte","10":"first","11":"instock","12":"shipping-taxable","13":"product-type-simple"},"acf":[],"_links":{"self":[{"href":"https:\/\/www.edituraunmb.ro\/index.php?rest_route=\/wp\/v2\/product\/715","targetHints":{"allow":["GET"]}}],"collection":[{"href":"https:\/\/www.edituraunmb.ro\/index.php?rest_route=\/wp\/v2\/product"}],"about":[{"href":"https:\/\/www.edituraunmb.ro\/index.php?rest_route=\/wp\/v2\/types\/product"}],"replies":[{"embeddable":true,"href":"https:\/\/www.edituraunmb.ro\/index.php?rest_route=%2Fwp%2Fv2%2Fcomments&post=715"}],"wp:featuredmedia":[{"embeddable":true,"href":"https:\/\/www.edituraunmb.ro\/index.php?rest_route=\/wp\/v2\/media\/716"}],"wp:attachment":[{"href":"https:\/\/www.edituraunmb.ro\/index.php?rest_route=%2Fwp%2Fv2%2Fmedia&parent=715"}],"wp:term":[{"taxonomy":"product_brand","embeddable":true,"href":"https:\/\/www.edituraunmb.ro\/index.php?rest_route=%2Fwp%2Fv2%2Fproduct_brand&post=715"},{"taxonomy":"product_cat","embeddable":true,"href":"https:\/\/www.edituraunmb.ro\/index.php?rest_route=%2Fwp%2Fv2%2Fproduct_cat&post=715"},{"taxonomy":"product_tag","embeddable":true,"href":"https:\/\/www.edituraunmb.ro\/index.php?rest_route=%2Fwp%2Fv2%2Fproduct_tag&post=715"}],"curies":[{"name":"wp","href":"https:\/\/api.w.org\/{rel}","templated":true}]}}