{"id":785,"date":"2015-08-11T08:29:04","date_gmt":"2015-08-11T08:29:04","guid":{"rendered":"http:\/\/www.edituraunmb.ro\/?product=akademos-12010-didactica-muzicala-in-actualitate"},"modified":"2017-04-10T13:08:27","modified_gmt":"2017-04-10T13:08:27","slug":"akademos-12010-didactica-muzicala-in-actualitate","status":"publish","type":"product","link":"https:\/\/www.edituraunmb.ro\/?product=akademos-12010-didactica-muzicala-in-actualitate","title":{"rendered":"Akademos 1\/2010. Didactica muzical\u0103 \u00een actualitate"},"content":{"rendered":"<p>&#8222;Valorificarea selectiv\u0103 a tradi\u021biei, cunoa\u0219terea \u0219i implementarea nout\u0103\u021bilor valoroase, crea\u021bia original\u0103 cu caracter didactic reprezint\u0103 direc\u021bii prioritare ale demersului nostru \u0219tiin\u021bific. \u00cel prezent\u0103m \u00een sintez\u0103, ca rod al efortului permanent depus de grupul nostru \u00een cercetarea \u0219tiin\u021bific\u0103 a fenomenului didactic aplicativ, \u00een cele mai diverse forme \u00een care acesta se manifest\u0103.&#8221; (Lavinia Coman)<\/p>\n","protected":false},"excerpt":{"rendered":"<p>Coord. colec\u021bie Tatiana Noia. Responsabil num\u0103r Lavinia Coman. Volumul con\u021bine comunic\u0103ri sus\u021binute la\u00a0Sesiunea \u0219tiin\u021bific\u0103 organizat\u0103 de Departamentul pentru Preg\u0103tirea Personalului Didactic Bucure\u0219ti, 26 februarie 2008. <a href=\"https:\/\/www.edituraunmb.ro\/?product=akademos-12010-didactica-muzicala-in-actualitate\" style=\"padding-left:10px;\">Mai multe detalii<\/a><\/p>\n","protected":false},"featured_media":406,"comment_status":"open","ping_status":"closed","template":"","meta":{"_acf_changed":false},"product_brand":[],"product_cat":[244],"product_tag":[],"class_list":{"0":"post-785","1":"product","2":"type-product","3":"status-publish","4":"has-post-thumbnail","6":"product_cat-244","7":"p_author-cristina-popescu-stanesti","8":"p_author-dan-voiculescu","9":"p_author-denisse-dragoe","10":"p_author-dragos-calin","11":"p_author-lavinia-coman","12":"p_author-luminita-popa","13":"p_author-nicolae-coman","14":"p_author-petru-andriesei","15":"p_author-ramona-cristina-pachef","16":"p_author-sanda-hirlav-maistorovici","17":"p_author-simona-tanase","18":"p_author-tatiana-noia","19":"p_author-teodora-daniela-chicioreanu","20":"p_author-vasile-vasile","21":"p_author-veronica-sbenghe","22":"p_author-volum-colectiv","23":"t_lucrare-akademos","25":"first","26":"instock","27":"shipping-taxable","28":"product-type-simple"},"acf":[],"_links":{"self":[{"href":"https:\/\/www.edituraunmb.ro\/index.php?rest_route=\/wp\/v2\/product\/785","targetHints":{"allow":["GET"]}}],"collection":[{"href":"https:\/\/www.edituraunmb.ro\/index.php?rest_route=\/wp\/v2\/product"}],"about":[{"href":"https:\/\/www.edituraunmb.ro\/index.php?rest_route=\/wp\/v2\/types\/product"}],"replies":[{"embeddable":true,"href":"https:\/\/www.edituraunmb.ro\/index.php?rest_route=%2Fwp%2Fv2%2Fcomments&post=785"}],"wp:featuredmedia":[{"embeddable":true,"href":"https:\/\/www.edituraunmb.ro\/index.php?rest_route=\/wp\/v2\/media\/406"}],"wp:attachment":[{"href":"https:\/\/www.edituraunmb.ro\/index.php?rest_route=%2Fwp%2Fv2%2Fmedia&parent=785"}],"wp:term":[{"taxonomy":"product_brand","embeddable":true,"href":"https:\/\/www.edituraunmb.ro\/index.php?rest_route=%2Fwp%2Fv2%2Fproduct_brand&post=785"},{"taxonomy":"product_cat","embeddable":true,"href":"https:\/\/www.edituraunmb.ro\/index.php?rest_route=%2Fwp%2Fv2%2Fproduct_cat&post=785"},{"taxonomy":"product_tag","embeddable":true,"href":"https:\/\/www.edituraunmb.ro\/index.php?rest_route=%2Fwp%2Fv2%2Fproduct_tag&post=785"}],"curies":[{"name":"wp","href":"https:\/\/api.w.org\/{rel}","templated":true}]}}