{"id":789,"date":"2015-08-11T08:58:18","date_gmt":"2015-08-11T08:58:18","guid":{"rendered":"http:\/\/www.edituraunmb.ro\/?product=akademos-42010-univers-baroc-ii"},"modified":"2017-04-10T13:08:09","modified_gmt":"2017-04-10T13:08:09","slug":"akademos-42010-univers-baroc-ii","status":"publish","type":"product","link":"https:\/\/www.edituraunmb.ro\/?product=akademos-42010-univers-baroc-ii","title":{"rendered":"Akademos 4\/2010. Univers baroc (II)"},"content":{"rendered":"<p>&#8222;\u00cenainte de a porni \u00een lectura num\u0103rului 4\/2010 din noua serie\u00a0<em>Akademos<\/em> a UNMB, parcurge\u021bi cuprinsul \u0219i g\u00e2ndi\u021bi la subiectele propuse \u00een trecutele sesiuni \u0219tiin\u021bifice cuprinse \u00eentre 2005 \u0219i 2009. Ve\u021bi fi surprin\u0219i c\u0103 se vorbe\u0219te de dansuri, muzici instrumentale sau vocale, ini\u021biatori \u0219i continuatori, ca despre o familie de idei pentru care \u00eenrudirea este o necesitate a continu\u0103rii. Cine tr\u0103ie\u0219te \u00een secolele trecute, are for\u021ba de a urca spre prezent, pentru c\u0103 a \u00eendeplinit actul cercet\u0103rii, precum \u0219i cel al \u0219tiutului, ca pe o dorin\u021b\u0103 de unificare \u00een timp. Marele orologiu al muzicii are ceasurile dimine\u021bii, miezului de zi, \u00eenser\u0103rii sau al nop\u021bii. Vorbind despre &#8222;muzic\u0103 veche&#8221;, unde, la ce cifre se afl\u0103 plasate acele indicatoare, la &#8222;ieri&#8221; sau &#8222;M\u00e2ine&#8221;? Tot at\u00e2tea r\u0103spunsuri le-au c\u0103utat autorii acestor comunic\u0103ri din sesiunile a\u0219ezate acum de Akademos \u00een lumina tiparului, promi\u021b\u00e2nd c\u0103 nu vor uita viitoare c\u0103l\u0103torii \u00een Galaxia muzicii de oric\u00e2nd&#8221;. (Grigore Constantinescu)<\/p>\n","protected":false},"excerpt":{"rendered":"<p>Coord. Tatiana Noia. Volumul con\u021bine comunic\u0103ri sus\u021binute la\u00a0Sesiunile de Muzic\u0103 Veche (2005-2009). <a href=\"https:\/\/www.edituraunmb.ro\/?product=akademos-42010-univers-baroc-ii\" style=\"padding-left:10px;\">Mai multe detalii<\/a><\/p>\n","protected":false},"featured_media":790,"comment_status":"open","ping_status":"closed","template":"","meta":{"_acf_changed":false},"product_brand":[],"product_cat":[244],"product_tag":[],"class_list":{"0":"post-789","1":"product","2":"type-product","3":"status-publish","4":"has-post-thumbnail","6":"product_cat-244","7":"p_author-alexandra-cebuc","8":"p_author-andreea-chiselef","9":"p_author-grigore-constantinescu","10":"p_author-irina-boga","11":"p_author-lavinia-coman","12":"p_author-luiza-avram","13":"p_author-ogneanca-lefterescu","14":"p_author-petre-lefterescu","15":"p_author-tatiana-noia","16":"p_author-volum-colectiv","17":"t_lucrare-akademos","19":"first","20":"instock","21":"shipping-taxable","22":"product-type-simple"},"acf":[],"_links":{"self":[{"href":"https:\/\/www.edituraunmb.ro\/index.php?rest_route=\/wp\/v2\/product\/789","targetHints":{"allow":["GET"]}}],"collection":[{"href":"https:\/\/www.edituraunmb.ro\/index.php?rest_route=\/wp\/v2\/product"}],"about":[{"href":"https:\/\/www.edituraunmb.ro\/index.php?rest_route=\/wp\/v2\/types\/product"}],"replies":[{"embeddable":true,"href":"https:\/\/www.edituraunmb.ro\/index.php?rest_route=%2Fwp%2Fv2%2Fcomments&post=789"}],"wp:featuredmedia":[{"embeddable":true,"href":"https:\/\/www.edituraunmb.ro\/index.php?rest_route=\/wp\/v2\/media\/790"}],"wp:attachment":[{"href":"https:\/\/www.edituraunmb.ro\/index.php?rest_route=%2Fwp%2Fv2%2Fmedia&parent=789"}],"wp:term":[{"taxonomy":"product_brand","embeddable":true,"href":"https:\/\/www.edituraunmb.ro\/index.php?rest_route=%2Fwp%2Fv2%2Fproduct_brand&post=789"},{"taxonomy":"product_cat","embeddable":true,"href":"https:\/\/www.edituraunmb.ro\/index.php?rest_route=%2Fwp%2Fv2%2Fproduct_cat&post=789"},{"taxonomy":"product_tag","embeddable":true,"href":"https:\/\/www.edituraunmb.ro\/index.php?rest_route=%2Fwp%2Fv2%2Fproduct_tag&post=789"}],"curies":[{"name":"wp","href":"https:\/\/api.w.org\/{rel}","templated":true}]}}