{"id":791,"date":"2015-08-11T09:08:30","date_gmt":"2015-08-11T09:08:30","guid":{"rendered":"http:\/\/www.edituraunmb.ro\/?product=akademusica-11-opusuri-exemplare"},"modified":"2015-08-11T09:17:07","modified_gmt":"2015-08-11T09:17:07","slug":"akademusica-11-opusuri-exemplare","status":"publish","type":"product","link":"https:\/\/www.edituraunmb.ro\/?product=akademusica-11-opusuri-exemplare","title":{"rendered":"AkadeMusica 11. Opusuri exemplare"},"content":{"rendered":"<p>&#8222;Volumul 11 al colec\u021biei AkadeMusica, intitulat\u00a0<em>Opusuri exemplare &#8211; Analize morfologice \u0219i proiec\u021bii instrumentale,\u00a0<\/em>propune cititorului o \u00eent\u00e2lnire cu c\u00e2teva lucr\u0103ri de referin\u021b\u0103 ale repertoriului universal \u0219i rom\u00e2nesc, abordate din perspectivele disciplinare diferite ale muzicianului teoretician, istoric al muzicii, esetetician, dirijor, pianist, violonist sau pedagog.&#8221; (Tatiana Noia)<\/p>\n","protected":false},"excerpt":{"rendered":"<p>Volum alc\u0103tuit \u0219i \u00eengrijit de Carmen Manea \u0219i Tatiana Noia. Con\u021bine comunic\u0103ri\u00a0sus\u021binute \u00een cadrul Festivalului Chei, la simpozioanele Departamentului de dirijat \u0219i instrumente complementare \u0219i ale Departamentului de instrumente de orchestr\u0103 UNMB, 2009-2015 <a href=\"https:\/\/www.edituraunmb.ro\/?product=akademusica-11-opusuri-exemplare\" style=\"padding-left:10px;\">Mai multe detalii<\/a><\/p>\n","protected":false},"featured_media":424,"comment_status":"open","ping_status":"closed","template":"","meta":{"_acf_changed":false},"product_brand":[],"product_cat":[30],"product_tag":[61],"class_list":{"0":"post-791","1":"product","2":"type-product","3":"status-publish","4":"has-post-thumbnail","6":"product_cat-30","7":"product_tag-akademusica","8":"p_author-alexandru-ganea","9":"p_author-carmen-manea","10":"p_author-dan-voiculescu","11":"p_author-daniela-craciun","12":"p_author-laura-smarandescu","13":"p_author-luiza-avram","14":"p_author-marcel-frandes","15":"p_author-oana-velcovici-radulescu","16":"p_author-roxana-gheorghiu","17":"p_author-tatiana-noia","18":"p_author-vlad-dimulescu","19":"t_lucrare-carte","21":"first","22":"instock","23":"shipping-taxable","24":"product-type-simple"},"acf":[],"_links":{"self":[{"href":"https:\/\/www.edituraunmb.ro\/index.php?rest_route=\/wp\/v2\/product\/791","targetHints":{"allow":["GET"]}}],"collection":[{"href":"https:\/\/www.edituraunmb.ro\/index.php?rest_route=\/wp\/v2\/product"}],"about":[{"href":"https:\/\/www.edituraunmb.ro\/index.php?rest_route=\/wp\/v2\/types\/product"}],"replies":[{"embeddable":true,"href":"https:\/\/www.edituraunmb.ro\/index.php?rest_route=%2Fwp%2Fv2%2Fcomments&post=791"}],"wp:featuredmedia":[{"embeddable":true,"href":"https:\/\/www.edituraunmb.ro\/index.php?rest_route=\/wp\/v2\/media\/424"}],"wp:attachment":[{"href":"https:\/\/www.edituraunmb.ro\/index.php?rest_route=%2Fwp%2Fv2%2Fmedia&parent=791"}],"wp:term":[{"taxonomy":"product_brand","embeddable":true,"href":"https:\/\/www.edituraunmb.ro\/index.php?rest_route=%2Fwp%2Fv2%2Fproduct_brand&post=791"},{"taxonomy":"product_cat","embeddable":true,"href":"https:\/\/www.edituraunmb.ro\/index.php?rest_route=%2Fwp%2Fv2%2Fproduct_cat&post=791"},{"taxonomy":"product_tag","embeddable":true,"href":"https:\/\/www.edituraunmb.ro\/index.php?rest_route=%2Fwp%2Fv2%2Fproduct_tag&post=791"}],"curies":[{"name":"wp","href":"https:\/\/api.w.org\/{rel}","templated":true}]}}