{"id":80,"date":"2015-05-22T10:35:12","date_gmt":"2015-05-22T10:35:12","guid":{"rendered":"http:\/\/www.edituraunmb.ro\/?product=universitatea-nationala-de-muzica-din-bucuresti-la-140-de-ani-copiat-2"},"modified":"2015-08-11T12:40:14","modified_gmt":"2015-08-11T12:40:14","slug":"universitatea-nationala-de-muzica-din-bucuresti-la-140-de-ani-copiat-2","status":"publish","type":"product","link":"https:\/\/www.edituraunmb.ro\/?product=universitatea-nationala-de-muzica-din-bucuresti-la-140-de-ani-copiat-2","title":{"rendered":"Universitatea Na\u021bional\u0103 de Muzic\u0103 din Bucure\u0219ti la 140 de ani, vol. 4"},"content":{"rendered":"<p>Cele 812 pagini redau, \u00een ordine cronologic\u0103, evenimentele importante ale fiec\u0103rui an universitar din perioada 1974-2004: problemele organizatorice specifice institu\u021biei legate de cifrele de \u0219colarizare, finan\u021be, organizarea catedrelor, activitatea neobosit\u0103 a cadrelor didactice \u0219i a studen\u021bilor exprimat\u0103 prin simpozioane, audi\u021bii, spectacole sau concerte de clas\u0103, prin numeroasele premii ob\u021binute de c\u0103tre studen\u021bi \u00een \u021bar\u0103 \u0219i \u00een str\u0103in\u0103tate. Peste 500 de fotografii au fost folosite pentru a se compune o imagine c\u00e2t mai relevant\u0103 pentru genera\u021biile ulterioare (profesori, compozitori, studen\u021bi cu o activitate remarcabil\u0103, dar \u0219i instantanee de la cursuri, concerte, anivers\u0103ri, afi\u0219e).<\/p>\n","protected":false},"excerpt":{"rendered":"<p>Volumul con\u021bine date din activitatea Conservatorului din perioada 1974-2004 <a href=\"https:\/\/www.edituraunmb.ro\/?product=universitatea-nationala-de-muzica-din-bucuresti-la-140-de-ani-copiat-2\" style=\"padding-left:10px;\">Mai multe detalii<\/a><\/p>\n","protected":false},"featured_media":179,"comment_status":"closed","ping_status":"closed","template":"","meta":{"_acf_changed":false},"product_brand":[],"product_cat":[12],"product_tag":[51,52,50],"class_list":{"0":"post-80","1":"product","2":"type-product","3":"status-publish","4":"has-post-thumbnail","6":"product_cat-an2014","7":"product_tag-conservator","8":"product_tag-octavian-lazar-cosma","9":"product_tag-universitatea-nationala-de-muzica-bucuresti","10":"p_author-octavian-lazar-cosma","11":"t_lucrare-carte","13":"first","14":"instock","15":"downloadable","16":"shipping-taxable","17":"product-type-simple"},"acf":[],"_links":{"self":[{"href":"https:\/\/www.edituraunmb.ro\/index.php?rest_route=\/wp\/v2\/product\/80","targetHints":{"allow":["GET"]}}],"collection":[{"href":"https:\/\/www.edituraunmb.ro\/index.php?rest_route=\/wp\/v2\/product"}],"about":[{"href":"https:\/\/www.edituraunmb.ro\/index.php?rest_route=\/wp\/v2\/types\/product"}],"replies":[{"embeddable":true,"href":"https:\/\/www.edituraunmb.ro\/index.php?rest_route=%2Fwp%2Fv2%2Fcomments&post=80"}],"wp:featuredmedia":[{"embeddable":true,"href":"https:\/\/www.edituraunmb.ro\/index.php?rest_route=\/wp\/v2\/media\/179"}],"wp:attachment":[{"href":"https:\/\/www.edituraunmb.ro\/index.php?rest_route=%2Fwp%2Fv2%2Fmedia&parent=80"}],"wp:term":[{"taxonomy":"product_brand","embeddable":true,"href":"https:\/\/www.edituraunmb.ro\/index.php?rest_route=%2Fwp%2Fv2%2Fproduct_brand&post=80"},{"taxonomy":"product_cat","embeddable":true,"href":"https:\/\/www.edituraunmb.ro\/index.php?rest_route=%2Fwp%2Fv2%2Fproduct_cat&post=80"},{"taxonomy":"product_tag","embeddable":true,"href":"https:\/\/www.edituraunmb.ro\/index.php?rest_route=%2Fwp%2Fv2%2Fproduct_tag&post=80"}],"curies":[{"name":"wp","href":"https:\/\/api.w.org\/{rel}","templated":true}]}}