{"id":809,"date":"2015-08-11T12:04:10","date_gmt":"2015-08-11T12:04:10","guid":{"rendered":"http:\/\/www.edituraunmb.ro\/?product=estetica-muzicala-un-alt-fel-de-manual"},"modified":"2015-08-11T12:11:36","modified_gmt":"2015-08-11T12:11:36","slug":"estetica-muzicala-un-alt-fel-de-manual","status":"publish","type":"product","link":"https:\/\/www.edituraunmb.ro\/?product=estetica-muzicala-un-alt-fel-de-manual","title":{"rendered":"Estetica muzical\u0103, un alt fel de manual"},"content":{"rendered":"<p>\u201eVolumul de fa\u0163\u0103, <em>Estetica muzical\u0103 \u2013 un manual deschis<\/em>, reprezint\u0103 finalizarea unui proiect de cercetare ini\u0163iat de Asocia\u0163ia \u201eDan Constantinescu\u201d \u015fi subven\u0163ionat de <strong>Administra\u0163ia Fondului Cultural Na\u0163ional<\/strong> (AFCN), \u00een parteneriat cu Universitatea Na\u0163ional\u0103 de Muzic\u0103 din Bucure\u015fti (UNMB), care a mai presupus organizarea \u00een lunile iunie \u015fi octombrie 2007 a dou\u0103 simpozioane concentrate pe aceea\u015fi tem\u0103, precum \u015fi achizi\u0163ionarea unor c\u0103r\u0163i importante de specialitate puse la dispozi\u0163ia bibliotecii UNMB.<\/p>\n<p>Departe de a fi un \u201emanual\u201d obi\u015fnuit, el se concentreaz\u0103 pe subiectul <strong>Estetic\u0103<\/strong> din perspective diferite, de la general la particular, cu mijloace de cercetare potrivite \u0163intei investigate. Nu ave\u0163i \u00een fa\u0163\u0103 deci nici un tratat propriu-zis, nici un curs obi\u015fnuit cu un cuprins acoperind sistematic \u015fi integral domeniul estetic, ci o pluralitate de teme \u00een prelungirea sau tangente la \u015ftiin\u0163a frumosului muzical. Sunt puse laolalt\u0103 mai multe puncte de vedere, de stiluri \u015fi mentalit\u0103\u0163i care, sper\u0103m, dau m\u0103sura unei muzicologii rom\u00e2ne\u015fti ce se dore\u015fte lipsit\u0103 de prejudec\u0103\u0163i, dar riguroas\u0103, modern\u0103, \u00een acela\u015fi timp \u0163in\u00e2nd cont \u015fi sprijinindu-se pe o tradi\u0163ie solid\u0103.<\/p>\n<p>Structurarea con\u0163inutului c\u0103r\u0163ii reflect\u0103 \u00eentocmai aceste aspecte: partea \u00eent\u00e2i, <em>Crea\u0163ia, interpretarea \u015fi receptarea muzical\u0103<\/em>, prive\u015fte estetica din perspectiv\u0103 istoric\u0103, conceptual\u0103, propun\u00e2nd modele teoretice sau caracteriz\u0103ri globale ale fenomenului muzical actual; a doua parte, <em>Categorii estetice: relicve sau realit\u0103\u0163i? <\/em>reflect\u0103 gradul de aplicabilitate estetic\u0103 la domeniul concret muzical, lans\u00e2nd provocator \u00eendoiala viabilit\u0103\u0163ii ast\u0103zi a leg\u0103turii dintre estetic\u0103\u015fi muzic\u0103; \u00een fine, ultima parte, <em>Interdisciplinaritate, <\/em>desface grani\u0163ele specifice ale esteticii muzicale pentru a permite conexiuni cu alte domenii, de la literatur\u0103 la semiotic\u0103 sau de la folclor la jazz sau muzic\u0103 de film. Volumul, \u00een ansamblul s\u0103u, ar trebui s\u0103 r\u0103spund\u0103 multor \u00eentreb\u0103ri pe care \u015fi le pun studen\u0163ii, masteranzii, doctoranzii universit\u0103\u0163ilor de muzic\u0103\u015fi to\u0163i aceia care studiaz\u0103, \u00een felurite chipuri, fenomenul muzical, precum \u015fi nevoii (exprimate chiar \u00een timpul simpozioanelor men\u0163ionate) de a se clarifica aspecte relevante din domeniul esteticii muzicale.<\/p>\n<p>Este aici locul s\u0103 mul\u0163umesc autorilor c\u0103r\u0163ii care \u015fi-au pus amprenta asupra configura\u0163iei c\u0103r\u0163ii. Dincolo de obiectivitatea discursului lor \u015ftiin\u0163ific, r\u0103zbate din fiecare studiu modul particular de g\u00e2ndire, concep\u0163ia personal\u0103 asupra subiectului abordat \u015fi nu \u00een ultimul r\u00e2nd culoarea distinct\u0103 a propriului temperament. O parte din semnatari sunt compozitori (Liviu D\u0103nceanu, Dan Dediu, Corneliu Dan Georgescu) cu importante contribu\u0163ii \u00een muzicologie. Ceilal\u0163i (p\u0103str\u00e2nd ordinea alfabetic\u0103: Anamaria C\u0103lin, Drago\u015f C\u0103lin, Alexandru Leahu, Ioana Marghita, Florinela Popa, Speran\u0163a R\u0103dulescu, Valentina Sandu-Dediu, Alex Vasiliu \u015fi semnatara acestor r\u00e2nduri) sunt muzicologi, cercet\u0103tori, jurnali\u015fti, \u00een acela\u015fi timp cadre universitare. Promptitudinea cu care au r\u0103spuns rug\u0103min\u0163ii de a scrie este demn\u0103 de men\u0163ionat.<\/p>\n<p>\u00centregul proiect, a c\u0103rui materializare s-a desf\u0103\u015furat \u00eentr-un timp relativ lung \u015fi care a reprezentat at\u00e2t o provocare birocratic\u0103, c\u00e2t \u015fi una de ordin organizatoric \u015fi redac\u0163ional, a beneficiat din plin de entuziasmul \u015fi eforturile depuse de managerul s\u0103u, Drago\u015f C\u0103lin.<\/p>\n<p>Este aceast\u0103 carte un demers deschis? Poate c\u0103 alte volume similare \u00een viitor, dac\u0103 ele se vor realiza, vor fi \u00een m\u0103sur\u0103 s\u0103 dea verdictul.\u201d<\/p>\n<p style=\"text-align: right;\">Antigona R\u0103dulescu<\/p>\n","protected":false},"excerpt":{"rendered":"<p>Coord. Antigona R\u0103dulescu <a href=\"https:\/\/www.edituraunmb.ro\/?product=estetica-muzicala-un-alt-fel-de-manual\" style=\"padding-left:10px;\">Mai multe detalii<\/a><\/p>\n","protected":false},"featured_media":512,"comment_status":"open","ping_status":"closed","template":"","meta":{"_acf_changed":false},"product_brand":[],"product_cat":[102],"product_tag":[],"class_list":{"0":"post-809","1":"product","2":"type-product","3":"status-publish","4":"has-post-thumbnail","6":"product_cat-102","7":"p_author-alex-vasiliu","8":"p_author-alexandru-leahu","9":"p_author-anamaria-calin","10":"p_author-antigona-radulescu","11":"p_author-corneliu-dan-georgescu","12":"p_author-dan-dediu","13":"p_author-dragos-calin","14":"p_author-florinela-popa","15":"p_author-ioana-marghita","16":"p_author-liviu-danceanu","17":"p_author-speranta-radulescu","18":"p_author-valentina-sandu-dediu","19":"p_author-volum-colectiv","20":"t_lucrare-carte","22":"first","23":"instock","24":"shipping-taxable","25":"product-type-simple"},"acf":[],"_links":{"self":[{"href":"https:\/\/www.edituraunmb.ro\/index.php?rest_route=\/wp\/v2\/product\/809","targetHints":{"allow":["GET"]}}],"collection":[{"href":"https:\/\/www.edituraunmb.ro\/index.php?rest_route=\/wp\/v2\/product"}],"about":[{"href":"https:\/\/www.edituraunmb.ro\/index.php?rest_route=\/wp\/v2\/types\/product"}],"replies":[{"embeddable":true,"href":"https:\/\/www.edituraunmb.ro\/index.php?rest_route=%2Fwp%2Fv2%2Fcomments&post=809"}],"wp:featuredmedia":[{"embeddable":true,"href":"https:\/\/www.edituraunmb.ro\/index.php?rest_route=\/wp\/v2\/media\/512"}],"wp:attachment":[{"href":"https:\/\/www.edituraunmb.ro\/index.php?rest_route=%2Fwp%2Fv2%2Fmedia&parent=809"}],"wp:term":[{"taxonomy":"product_brand","embeddable":true,"href":"https:\/\/www.edituraunmb.ro\/index.php?rest_route=%2Fwp%2Fv2%2Fproduct_brand&post=809"},{"taxonomy":"product_cat","embeddable":true,"href":"https:\/\/www.edituraunmb.ro\/index.php?rest_route=%2Fwp%2Fv2%2Fproduct_cat&post=809"},{"taxonomy":"product_tag","embeddable":true,"href":"https:\/\/www.edituraunmb.ro\/index.php?rest_route=%2Fwp%2Fv2%2Fproduct_tag&post=809"}],"curies":[{"name":"wp","href":"https:\/\/api.w.org\/{rel}","templated":true}]}}