{"id":829,"date":"2015-08-11T12:55:13","date_gmt":"2015-08-11T12:55:13","guid":{"rendered":"http:\/\/www.edituraunmb.ro\/?product=eternul-chopin"},"modified":"2015-08-11T12:58:22","modified_gmt":"2015-08-11T12:58:22","slug":"eternul-chopin","status":"publish","type":"product","link":"https:\/\/www.edituraunmb.ro\/?product=eternul-chopin","title":{"rendered":"Eternul Chopin"},"content":{"rendered":"<table width=\"419\">\n<tbody>\n<tr>\n<td>Prezenta lucrare reprezint\u0103 continuarea c\u0103r\u0163ii intitulate <em>Aspira\u0163ia plenitudinii \u00een crea\u0163ia chopinian\u0103<\/em>, publicat\u0103 la Editura Universit\u0103\u0163ii Na\u0163ionale de Muzic\u0103 din Bucure\u015fti, \u00een anul 2006; volumul de fa\u0163\u0103 con\u0163ine o privire de ansamblu asupra personalit\u0103\u0163ii \u015fi crea\u0163iei muzicianului polonez \u2013 urm\u0103rit \u00een calitate de compozitor, interpret \u015fi pedagog \u2013, analiza altor opusuri importante ale tezaurului s\u0103u pianistic (mazurcile \u015fi polonezele), precum \u015fi men\u0163ionarea unor arti\u015fti rom\u00e2ni, \u00een repertoriul c\u0103rora capodoperele lui Chopin \u015fi-au g\u0103sit \u00eentruchip\u0103ri de excep\u0163ie. De asemenea, am considerat necesar\u0103 comentarea c\u00e2torva opinii muzicologice avizate asupra operei bardului polonez, ca \u015fi prezentarea reverbera\u0163iilor chopiniene \u00een crea\u0163iile muzicale ale compozitorilor care i-au urmat. Ultimul capitol, intitulat <em>Actualitatea crea\u0163iilor chopiniene<\/em><strong>,<\/strong> \u00eencearc\u0103 s\u0103 aduc\u0103 noi argumente pentru a demonstra perenitatea muzicii sale pentru pian. (Carmen Manea)<\/td>\n<\/tr>\n<\/tbody>\n<\/table>\n","protected":false},"excerpt":{"rendered":"<p>Prezenta lucrare reprezint\u0103 continuarea c\u0103r\u0163ii intitulate Aspira\u0163ia plenitudinii \u00een crea\u0163ia chopinian\u0103, publicat\u0103 la Editura Universit\u0103\u0163ii Na\u0163ionale de Muzic\u0103 din Bucure\u015fti, \u00een anul 2006; volumul de fa\u0163\u0103 con\u0163ine o privire de ansamblu asupra personalit\u0103\u0163ii \u015fi crea\u0163iei muzicianului polonez \u2013 urm\u0103rit \u00een &hellip; <a href=\"https:\/\/www.edituraunmb.ro\/?product=eternul-chopin\" style=\"padding-left:10px;\">Mai multe detalii<\/a><\/p>\n","protected":false},"featured_media":558,"comment_status":"open","ping_status":"closed","template":"","meta":{"_acf_changed":false},"product_brand":[],"product_cat":[317],"product_tag":[],"class_list":{"0":"post-829","1":"product","2":"type-product","3":"status-publish","4":"has-post-thumbnail","6":"product_cat-317","7":"p_author-carmen-manea","8":"t_lucrare-carte","10":"first","11":"instock","12":"shipping-taxable","13":"product-type-simple"},"acf":[],"_links":{"self":[{"href":"https:\/\/www.edituraunmb.ro\/index.php?rest_route=\/wp\/v2\/product\/829","targetHints":{"allow":["GET"]}}],"collection":[{"href":"https:\/\/www.edituraunmb.ro\/index.php?rest_route=\/wp\/v2\/product"}],"about":[{"href":"https:\/\/www.edituraunmb.ro\/index.php?rest_route=\/wp\/v2\/types\/product"}],"replies":[{"embeddable":true,"href":"https:\/\/www.edituraunmb.ro\/index.php?rest_route=%2Fwp%2Fv2%2Fcomments&post=829"}],"wp:featuredmedia":[{"embeddable":true,"href":"https:\/\/www.edituraunmb.ro\/index.php?rest_route=\/wp\/v2\/media\/558"}],"wp:attachment":[{"href":"https:\/\/www.edituraunmb.ro\/index.php?rest_route=%2Fwp%2Fv2%2Fmedia&parent=829"}],"wp:term":[{"taxonomy":"product_brand","embeddable":true,"href":"https:\/\/www.edituraunmb.ro\/index.php?rest_route=%2Fwp%2Fv2%2Fproduct_brand&post=829"},{"taxonomy":"product_cat","embeddable":true,"href":"https:\/\/www.edituraunmb.ro\/index.php?rest_route=%2Fwp%2Fv2%2Fproduct_cat&post=829"},{"taxonomy":"product_tag","embeddable":true,"href":"https:\/\/www.edituraunmb.ro\/index.php?rest_route=%2Fwp%2Fv2%2Fproduct_tag&post=829"}],"curies":[{"name":"wp","href":"https:\/\/api.w.org\/{rel}","templated":true}]}}