{"id":839,"date":"2015-08-11T13:14:05","date_gmt":"2015-08-11T13:14:05","guid":{"rendered":"http:\/\/www.edituraunmb.ro\/?product=miniatura-romaneasca-pentru-pian-in-prima-jumatate-a-secolului-xx"},"modified":"2015-08-11T13:16:46","modified_gmt":"2015-08-11T13:16:46","slug":"miniatura-romaneasca-pentru-pian-in-prima-jumatate-a-secolului-xx","status":"publish","type":"product","link":"https:\/\/www.edituraunmb.ro\/?product=miniatura-romaneasca-pentru-pian-in-prima-jumatate-a-secolului-xx","title":{"rendered":"Miniatura rom\u00e2neasc\u0103 pentru pian \u00een prima jum\u0103tate a secolului XX"},"content":{"rendered":"","protected":false},"excerpt":{"rendered":"","protected":false},"featured_media":431,"comment_status":"open","ping_status":"closed","template":"","meta":{"_acf_changed":false},"product_brand":[],"product_cat":[114],"product_tag":[],"class_list":{"0":"post-839","1":"product","2":"type-product","3":"status-publish","4":"has-post-thumbnail","6":"product_cat-114","7":"p_author-georgeta-bacioiu","8":"t_lucrare-carte","10":"first","11":"instock","12":"shipping-taxable","13":"product-type-simple"},"acf":[],"_links":{"self":[{"href":"https:\/\/www.edituraunmb.ro\/index.php?rest_route=\/wp\/v2\/product\/839","targetHints":{"allow":["GET"]}}],"collection":[{"href":"https:\/\/www.edituraunmb.ro\/index.php?rest_route=\/wp\/v2\/product"}],"about":[{"href":"https:\/\/www.edituraunmb.ro\/index.php?rest_route=\/wp\/v2\/types\/product"}],"replies":[{"embeddable":true,"href":"https:\/\/www.edituraunmb.ro\/index.php?rest_route=%2Fwp%2Fv2%2Fcomments&post=839"}],"wp:featuredmedia":[{"embeddable":true,"href":"https:\/\/www.edituraunmb.ro\/index.php?rest_route=\/wp\/v2\/media\/431"}],"wp:attachment":[{"href":"https:\/\/www.edituraunmb.ro\/index.php?rest_route=%2Fwp%2Fv2%2Fmedia&parent=839"}],"wp:term":[{"taxonomy":"product_brand","embeddable":true,"href":"https:\/\/www.edituraunmb.ro\/index.php?rest_route=%2Fwp%2Fv2%2Fproduct_brand&post=839"},{"taxonomy":"product_cat","embeddable":true,"href":"https:\/\/www.edituraunmb.ro\/index.php?rest_route=%2Fwp%2Fv2%2Fproduct_cat&post=839"},{"taxonomy":"product_tag","embeddable":true,"href":"https:\/\/www.edituraunmb.ro\/index.php?rest_route=%2Fwp%2Fv2%2Fproduct_tag&post=839"}],"curies":[{"name":"wp","href":"https:\/\/api.w.org\/{rel}","templated":true}]}}