{"id":843,"date":"2015-08-11T13:19:55","date_gmt":"2015-08-11T13:19:55","guid":{"rendered":"http:\/\/www.edituraunmb.ro\/?product=suitele-pentru-violoncel-solo-de-jphann-sebastian-bach-transcriptie-pentru-contrabas"},"modified":"2015-08-12T06:56:11","modified_gmt":"2015-08-12T06:56:11","slug":"suitele-pentru-violoncel-solo-de-jphann-sebastian-bach-transcriptie-pentru-contrabas","status":"publish","type":"product","link":"https:\/\/www.edituraunmb.ro\/?product=suitele-pentru-violoncel-solo-de-jphann-sebastian-bach-transcriptie-pentru-contrabas","title":{"rendered":"Suitele pentru violoncel solo de Johann Sebastian Bach. Transcrip\u021bie pentru contrabas"},"content":{"rendered":"<table width=\"651\">\n<tbody>\n<tr>\n<td>Decizia de a realiza o nou\u0103 transcrip\u0163ie pentru contrabas a <em>Suitelor pentru violoncel solo <\/em>de Johann Sebastian Bach a deschis \u00een fa\u0163a autorului ei, scriitorul acestor r\u00e2nduri, un vast c\u00e2mp de activitate, incluz\u00e2nd o preocupare devotat\u0103, pe termen lung, \u015fi o munc\u0103 deosebit de complex\u0103. Proiectul dorit de mine de mult timp \u015fi realizat \u00een cadrul propriei lucr\u0103ri de doctorat, <em>Transcriere \u015fi adaptare pentru contrabas din crea\u0163ia lui Johann Sebastian Bach,<\/em> s-a dezvoltat pe mai multe direc\u0163ii, dup\u0103 parcurgerea mai multor etape distincte. Cea dint\u00e2i \u00eentrebare la care a trebuit s\u0103 dau un r\u0103spuns clar, complet \u015fi conving\u0103tor a fost aceea privitoare la motivele care au stat la baza hot\u0103r\u00e2rii luate. Realizarea unei noi transcrip\u0163ii este bine justificat\u0103 numai \u00een m\u0103sura \u00een care ea are \u015fanse reale de a aduce ceva cu adev\u0103rat inedit sau de a contribui substan\u0163ial la \u00eembun\u0103t\u0103\u0163irea realiz\u0103rilor deja existente. (\u0218tefan Thomasz)<\/td>\n<\/tr>\n<\/tbody>\n<\/table>\n","protected":false},"excerpt":{"rendered":"<p>Decizia de a realiza o nou\u0103 transcrip\u0163ie pentru contrabas a Suitelor pentru violoncel solo de Johann Sebastian Bach a deschis \u00een fa\u0163a autorului ei, scriitorul acestor r\u00e2nduri, un vast c\u00e2mp de activitate, incluz\u00e2nd o preocupare devotat\u0103, pe termen lung, \u015fi &hellip; <a href=\"https:\/\/www.edituraunmb.ro\/?product=suitele-pentru-violoncel-solo-de-jphann-sebastian-bach-transcriptie-pentru-contrabas\" style=\"padding-left:10px;\">Mai multe detalii<\/a><\/p>\n","protected":false},"featured_media":844,"comment_status":"open","ping_status":"closed","template":"","meta":{"_acf_changed":false},"product_brand":[],"product_cat":[114],"product_tag":[363,364],"class_list":{"0":"post-843","1":"product","2":"type-product","3":"status-publish","4":"has-post-thumbnail","6":"product_cat-114","7":"product_tag-contrabas","8":"product_tag-johann-sebastian-bach","9":"p_author-stefan-thomasz","10":"t_lucrare-partitura","12":"first","13":"instock","14":"shipping-taxable","15":"product-type-simple"},"acf":[],"_links":{"self":[{"href":"https:\/\/www.edituraunmb.ro\/index.php?rest_route=\/wp\/v2\/product\/843","targetHints":{"allow":["GET"]}}],"collection":[{"href":"https:\/\/www.edituraunmb.ro\/index.php?rest_route=\/wp\/v2\/product"}],"about":[{"href":"https:\/\/www.edituraunmb.ro\/index.php?rest_route=\/wp\/v2\/types\/product"}],"replies":[{"embeddable":true,"href":"https:\/\/www.edituraunmb.ro\/index.php?rest_route=%2Fwp%2Fv2%2Fcomments&post=843"}],"wp:featuredmedia":[{"embeddable":true,"href":"https:\/\/www.edituraunmb.ro\/index.php?rest_route=\/wp\/v2\/media\/844"}],"wp:attachment":[{"href":"https:\/\/www.edituraunmb.ro\/index.php?rest_route=%2Fwp%2Fv2%2Fmedia&parent=843"}],"wp:term":[{"taxonomy":"product_brand","embeddable":true,"href":"https:\/\/www.edituraunmb.ro\/index.php?rest_route=%2Fwp%2Fv2%2Fproduct_brand&post=843"},{"taxonomy":"product_cat","embeddable":true,"href":"https:\/\/www.edituraunmb.ro\/index.php?rest_route=%2Fwp%2Fv2%2Fproduct_cat&post=843"},{"taxonomy":"product_tag","embeddable":true,"href":"https:\/\/www.edituraunmb.ro\/index.php?rest_route=%2Fwp%2Fv2%2Fproduct_tag&post=843"}],"curies":[{"name":"wp","href":"https:\/\/api.w.org\/{rel}","templated":true}]}}