{"id":851,"date":"2015-08-11T13:48:10","date_gmt":"2015-08-11T13:48:10","guid":{"rendered":"http:\/\/www.edituraunmb.ro\/?product=invat-sa-cant-la-pian"},"modified":"2015-08-12T06:31:05","modified_gmt":"2015-08-12T06:31:05","slug":"invat-sa-cant-la-pian","status":"publish","type":"product","link":"https:\/\/www.edituraunmb.ro\/?product=invat-sa-cant-la-pian","title":{"rendered":"\u00cenv\u0103\u021b s\u0103 c\u00e2nt la pian!"},"content":{"rendered":"","protected":false},"excerpt":{"rendered":"<p>Metod\u0103 de pian pentru \u00eencep\u0103tori <a href=\"https:\/\/www.edituraunmb.ro\/?product=invat-sa-cant-la-pian\" style=\"padding-left:10px;\">Mai multe detalii<\/a><\/p>\n","protected":false},"featured_media":551,"comment_status":"open","ping_status":"closed","template":"","meta":{"_acf_changed":false},"product_brand":[],"product_cat":[114],"product_tag":[],"class_list":{"0":"post-851","1":"product","2":"type-product","3":"status-publish","4":"has-post-thumbnail","6":"product_cat-114","7":"p_author-luiza-catana","8":"t_lucrare-partitura","10":"first","11":"instock","12":"shipping-taxable","13":"product-type-simple"},"acf":[],"_links":{"self":[{"href":"https:\/\/www.edituraunmb.ro\/index.php?rest_route=\/wp\/v2\/product\/851","targetHints":{"allow":["GET"]}}],"collection":[{"href":"https:\/\/www.edituraunmb.ro\/index.php?rest_route=\/wp\/v2\/product"}],"about":[{"href":"https:\/\/www.edituraunmb.ro\/index.php?rest_route=\/wp\/v2\/types\/product"}],"replies":[{"embeddable":true,"href":"https:\/\/www.edituraunmb.ro\/index.php?rest_route=%2Fwp%2Fv2%2Fcomments&post=851"}],"wp:featuredmedia":[{"embeddable":true,"href":"https:\/\/www.edituraunmb.ro\/index.php?rest_route=\/wp\/v2\/media\/551"}],"wp:attachment":[{"href":"https:\/\/www.edituraunmb.ro\/index.php?rest_route=%2Fwp%2Fv2%2Fmedia&parent=851"}],"wp:term":[{"taxonomy":"product_brand","embeddable":true,"href":"https:\/\/www.edituraunmb.ro\/index.php?rest_route=%2Fwp%2Fv2%2Fproduct_brand&post=851"},{"taxonomy":"product_cat","embeddable":true,"href":"https:\/\/www.edituraunmb.ro\/index.php?rest_route=%2Fwp%2Fv2%2Fproduct_cat&post=851"},{"taxonomy":"product_tag","embeddable":true,"href":"https:\/\/www.edituraunmb.ro\/index.php?rest_route=%2Fwp%2Fv2%2Fproduct_tag&post=851"}],"curies":[{"name":"wp","href":"https:\/\/api.w.org\/{rel}","templated":true}]}}