{"id":857,"date":"2015-08-12T06:31:22","date_gmt":"2015-08-12T06:31:22","guid":{"rendered":"http:\/\/www.edituraunmb.ro\/?product=indrumar-metodic"},"modified":"2015-08-12T06:39:48","modified_gmt":"2015-08-12T06:39:48","slug":"indrumar-metodic","status":"publish","type":"product","link":"https:\/\/www.edituraunmb.ro\/?product=indrumar-metodic","title":{"rendered":"\u00cendrumar metodic"},"content":{"rendered":"<table width=\"391\">\n<tbody>\n<tr>\n<td>&#8222;Lucrarea de fa\u0163\u0103 reune\u015fte un set de texte care proiecteaz\u0103 problematica disciplinelor de baz\u0103 pentru formarea \u015fi perfec\u0163ionarea cadrelor didactice din domeniul \u00eenv\u0103\u0163\u0103m\u00e2ntului muzical.\u00a0Disciplinele propuse configureaz\u0103 programa cursului de perfec\u0163ionare organizat de Universitatea Na\u0163ional\u0103 de Muzic\u0103 din Bucure\u015fti pentru profesorii angaja\u0163i \u00een sistemul \u00eenv\u0103\u0163\u0103m\u00e2ntului preuniversitar voca\u0163ional \u015fi general. Av\u00e2nd \u00een vedere c\u0103 aceste cursuri fac parte din programul na\u0163ional de formare continu\u0103, Departamentul pentru Preg\u0103tirea Personalului Didactic s-a preocupat s\u0103 confere con\u0163inuturilor un caracter de sintez\u0103. Autorii textelor de prezentare au \u00eembinat experien\u0163a bazat\u0103 pe tradi\u0163ie cu noile orient\u0103ri, cu exigen\u0163ele didacticii moderne \u015fi cu provoc\u0103rile actuale c\u0103rora trebuie s\u0103 le r\u0103spund\u0103 \u00eenv\u0103\u0163\u0103m\u00e2ntul nostru de specialitate.\u00a0Bine\u00een\u0163eles, studiile din volum reprezint\u0103 doar o parte din con\u0163inutul integral al cursurilor. Ele sunt menite s\u0103 formuleze ideile de for\u0163\u0103, cadrul general \u015fi bibliografia pe care se aprijin\u0103 fiecare dintre cursuri. Parcurgerea textelor asigur\u0103 o bun\u0103 orientare \u015fi un sprijin pentru cursan\u0163i, \u00eens\u0103 nu este nici pe departe suficient\u0103 \u00een parcursul de asimilare a problematicii de ansamblu.\u00a0Bine\u00een\u0163eles, studiile din volum reprezint\u0103 doar o parte din con\u0163inutul integral al cursurilor. Ele sunt menite s\u0103 formuleze ideile de for\u0163\u0103, cadrul general \u015fi bibliografia pe care se aprijin\u0103 fiecare dintre cursuri. Parcurgerea textelor asigur\u0103 o bun\u0103 orientare \u015fi un sprijin pentru cursan\u0163i, \u00eens\u0103 nu este nici pe departe suficient\u0103 \u00een parcursul de asimilare a problematicii de ansamblu.\u00a0Sper\u0103m c\u0103 prin participarea la activit\u0103\u0163ile de perfec\u0163ionare, care sunt astfel proiectate \u00eenc\u00e2t s\u0103 \u00eembine lectura de informare \u015fi organizare a demersului didactic cu caracterul practic aplicativ, cursan\u0163ii vor achizi\u0163iona competen\u0163ele necesare unui \u00eenv\u0103\u0163\u0103m\u00e2nt muzical modern, eficient \u015fi competitiv.&#8221; (Lavinia Coman)<\/td>\n<\/tr>\n<\/tbody>\n<\/table>\n<p>&nbsp;<\/p>\n<p>&nbsp;<\/p>\n<p>&nbsp;<\/p>\n","protected":false},"excerpt":{"rendered":"<p>Coord. Lavinia Coman, Drago\u0219 C\u0103lin, Vasile Vasile <a href=\"https:\/\/www.edituraunmb.ro\/?product=indrumar-metodic\" style=\"padding-left:10px;\">Mai multe detalii<\/a><\/p>\n","protected":false},"featured_media":538,"comment_status":"open","ping_status":"closed","template":"","meta":{"_acf_changed":false},"product_brand":[],"product_cat":[114],"product_tag":[],"class_list":{"0":"post-857","1":"product","2":"type-product","3":"status-publish","4":"has-post-thumbnail","6":"product_cat-114","7":"p_author-christian-alexandru-petrescu","8":"p_author-claudiu-langa","9":"p_author-cristina-soreanu","10":"p_author-dan-dediu","11":"p_author-dragos-calin","12":"p_author-elisabeta-georgescu","13":"p_author-ioan-golcea","14":"p_author-lavinia-coman","15":"p_author-olguta-lupu","16":"p_author-tatiana-noia","17":"p_author-vasile-gantolea","18":"p_author-vasile-vasile","19":"t_lucrare-carte","21":"first","22":"instock","23":"shipping-taxable","24":"product-type-simple"},"acf":[],"_links":{"self":[{"href":"https:\/\/www.edituraunmb.ro\/index.php?rest_route=\/wp\/v2\/product\/857","targetHints":{"allow":["GET"]}}],"collection":[{"href":"https:\/\/www.edituraunmb.ro\/index.php?rest_route=\/wp\/v2\/product"}],"about":[{"href":"https:\/\/www.edituraunmb.ro\/index.php?rest_route=\/wp\/v2\/types\/product"}],"replies":[{"embeddable":true,"href":"https:\/\/www.edituraunmb.ro\/index.php?rest_route=%2Fwp%2Fv2%2Fcomments&post=857"}],"wp:featuredmedia":[{"embeddable":true,"href":"https:\/\/www.edituraunmb.ro\/index.php?rest_route=\/wp\/v2\/media\/538"}],"wp:attachment":[{"href":"https:\/\/www.edituraunmb.ro\/index.php?rest_route=%2Fwp%2Fv2%2Fmedia&parent=857"}],"wp:term":[{"taxonomy":"product_brand","embeddable":true,"href":"https:\/\/www.edituraunmb.ro\/index.php?rest_route=%2Fwp%2Fv2%2Fproduct_brand&post=857"},{"taxonomy":"product_cat","embeddable":true,"href":"https:\/\/www.edituraunmb.ro\/index.php?rest_route=%2Fwp%2Fv2%2Fproduct_cat&post=857"},{"taxonomy":"product_tag","embeddable":true,"href":"https:\/\/www.edituraunmb.ro\/index.php?rest_route=%2Fwp%2Fv2%2Fproduct_tag&post=857"}],"curies":[{"name":"wp","href":"https:\/\/api.w.org\/{rel}","templated":true}]}}