{"id":859,"date":"2015-08-12T06:40:27","date_gmt":"2015-08-12T06:40:27","guid":{"rendered":"http:\/\/www.edituraunmb.ro\/?product=akademusica-5-pianistica-si-pedagogia-romaneasca"},"modified":"2015-08-12T17:26:14","modified_gmt":"2015-08-12T17:26:14","slug":"akademusica-5-pianistica-si-pedagogia-romaneasca","status":"publish","type":"product","link":"https:\/\/www.edituraunmb.ro\/?product=akademusica-5-pianistica-si-pedagogia-romaneasca","title":{"rendered":"AkadeMusica 5. Pianistica \u0219i pedagogia rom\u00e2neasc\u0103"},"content":{"rendered":"<p>&#8222;De mai mult timp ne preocup\u0103 ideea alc\u0103tuirii unei monografii, care s\u0103 cuprind\u0103 principalele evenimente \u015fi realiz\u0103ri ale catedrei de Pian general, din momentul \u00een care prezen\u0163a disciplinei respective a fost men\u0163ionat\u0103 \u00een arhivele Conservatorului bucure\u015ftean \u015fi p\u00e2n\u0103 \u00een zilele noastre. Consider\u0103m c\u0103 este o datorie de onoare pentru noi s\u0103 scoatem la lumin\u0103 contribu\u0163ii valoroase din cadrul pedagogiei pianistice \u015fi al muzicologiei rom\u00e2ne\u015fti, ai c\u0103ror autori au activat \u00een diferite perioade \u00een cadrul institu\u0163iei. Este o modalitate de respect \u015fi de vibra\u0163ie l\u0103untric\u0103, pentru care lucr\u0103rile uitate de mult \u00ee\u015fi justific\u0103 reactualizarea, put\u00e2nd evoca \u2013 chiar \u015fi par\u0163ial \u2013 voluminosul dosar documentar al activit\u0103\u0163ii prodigioase desf\u0103\u015furate de numero\u015fi pedagogi de mare clas\u0103. \u00cen opinia noastr\u0103 elaborarea unor materiale de acest fel constituie o modalitate particular\u0103 de a g\u0103si <strong><em>cheia<\/em><\/strong> potrivit\u0103 care deschide <strong><em>poarta<\/em><\/strong> propriei disponibilit\u0103\u0163i intelectuale \u015fi artistice; r\u0103sucit\u0103 cu inteligen\u0163\u0103, ea ne conduce \u00een universul investigat pe care \u00eel readuce \u00een aten\u0163ie, ajut\u00e2ndu-ne s\u0103-l g\u00e2ndim din nou, s\u0103-l repovestim, s\u0103-l reevalu\u0103m, s\u0103-l redimension\u0103m. Prin efortul nostru comun sper\u0103m s\u0103 valorific\u0103m unele contribu\u0163ii pedagogice \u015fi umane de excep\u0163ie; dup\u0103 modelul proustian, vom \u00eencerca s\u0103 transform\u0103m timpul <strong><em>pierdut<\/em><\/strong> \u00een timp <strong><em>reg\u0103sit<\/em><\/strong>. \u00cencerc\u0103m s\u0103 facem distinc\u0163ie \u00eentre ce a \u00eensemnat fiecare eveniment, detaliu, exemplu personal, c\u00e2ndva, ce semnific\u0103 acestea \u00een prezent \u015fi ce impact pot avea ele \u00een viitor.&#8221; (Carmen Manea)<\/p>\n","protected":false},"excerpt":{"rendered":"<p>Volum alc\u0103tuit \u0219i \u00eengrijit de Carmen manea \u0219i Tatiana Noia. Con\u021bine comunic\u0103ri \u0219tiin\u021bifice sus\u021binute la simpozioanele catedrei de pian general UNMB <a href=\"https:\/\/www.edituraunmb.ro\/?product=akademusica-5-pianistica-si-pedagogia-romaneasca\" style=\"padding-left:10px;\">Mai multe detalii<\/a><\/p>\n","protected":false},"featured_media":418,"comment_status":"open","ping_status":"closed","template":"","meta":{"_acf_changed":false},"product_brand":[],"product_cat":[98],"product_tag":[61,101,351],"class_list":{"0":"post-859","1":"product","2":"type-product","3":"status-publish","4":"has-post-thumbnail","6":"product_cat-98","7":"product_tag-akademusica","8":"product_tag-pedagogie","9":"product_tag-pedagogie-muzicala","10":"p_author-alexandru-dumitrescu","11":"p_author-carmen-athanasiu","12":"p_author-carmen-manea","13":"p_author-chrimhilda-cristescu","14":"p_author-daniela-craciun","15":"p_author-florella-geanta","16":"p_author-georgeta-stefanescu-barnea","17":"p_author-izabela-cernantescu","18":"p_author-lavinia-coman","19":"p_author-luiza-avram","20":"p_author-luminita-ciobanu","21":"p_author-petruta-maniut-coroiu","22":"p_author-radu-otel","23":"p_author-sanda-hirlav-maistorovici","24":"p_author-smaranda-murgan","25":"p_author-suzana-szoreny","26":"p_author-volum-colectiv","27":"t_lucrare-carte","29":"first","30":"instock","31":"shipping-taxable","32":"product-type-simple"},"acf":[],"_links":{"self":[{"href":"https:\/\/www.edituraunmb.ro\/index.php?rest_route=\/wp\/v2\/product\/859","targetHints":{"allow":["GET"]}}],"collection":[{"href":"https:\/\/www.edituraunmb.ro\/index.php?rest_route=\/wp\/v2\/product"}],"about":[{"href":"https:\/\/www.edituraunmb.ro\/index.php?rest_route=\/wp\/v2\/types\/product"}],"replies":[{"embeddable":true,"href":"https:\/\/www.edituraunmb.ro\/index.php?rest_route=%2Fwp%2Fv2%2Fcomments&post=859"}],"wp:featuredmedia":[{"embeddable":true,"href":"https:\/\/www.edituraunmb.ro\/index.php?rest_route=\/wp\/v2\/media\/418"}],"wp:attachment":[{"href":"https:\/\/www.edituraunmb.ro\/index.php?rest_route=%2Fwp%2Fv2%2Fmedia&parent=859"}],"wp:term":[{"taxonomy":"product_brand","embeddable":true,"href":"https:\/\/www.edituraunmb.ro\/index.php?rest_route=%2Fwp%2Fv2%2Fproduct_brand&post=859"},{"taxonomy":"product_cat","embeddable":true,"href":"https:\/\/www.edituraunmb.ro\/index.php?rest_route=%2Fwp%2Fv2%2Fproduct_cat&post=859"},{"taxonomy":"product_tag","embeddable":true,"href":"https:\/\/www.edituraunmb.ro\/index.php?rest_route=%2Fwp%2Fv2%2Fproduct_tag&post=859"}],"curies":[{"name":"wp","href":"https:\/\/api.w.org\/{rel}","templated":true}]}}