{"id":860,"date":"2015-08-12T06:49:41","date_gmt":"2015-08-12T06:49:41","guid":{"rendered":"http:\/\/www.edituraunmb.ro\/?product=akademusica-4-modele-umane-si-repere-profesionale"},"modified":"2015-08-12T17:25:03","modified_gmt":"2015-08-12T17:25:03","slug":"akademusica-4-modele-umane-si-repere-profesionale","status":"publish","type":"product","link":"https:\/\/www.edituraunmb.ro\/?product=akademusica-4-modele-umane-si-repere-profesionale","title":{"rendered":"AkadeMusica 4. Modele umane \u0219i repere profesionale"},"content":{"rendered":"<p>&#8222;\u00cen ansamblul ei, <strong><em>AkadeMusica nr. 4<\/em><\/strong> poate fi asem\u0103nat\u0103 cu o fresc\u0103 original\u0103, remarcabil\u0103 prin bog\u0103\u0163ia informa\u0163iei, prin claritatea exprim\u0103rii, prin argumentele conving\u0103toare \u015fi prin creativitate. \u00cen cadrul UNMB, publica\u0163ia constituie o pledoarie pentru promovarea cercet\u0103rii \u015ftiin\u0163ifice, a experien\u0163elor \u015fi performan\u0163elor cadrelor didactice proprii, dar \u015fi modalitatea de a eviden\u0163ia personalitatea \u015fi profilul cultural al acestora.\u00a0A scrie constituie pentru mul\u0163i dintre autori modalitatea de a se \u00eent\u00e2lni cu ei-\u00een\u015fi\u015fi, de a investiga propriul univers, de a experimenta, de a recapitula sau reveni din alt\u0103 perspectiv\u0103, asupra unor subiecte\/detalii deja cunoscute; \u00een acela\u015fi timp, scrisul constituie un dialog cu cititorii. Fiecare c\u0103l\u0103torie real\u0103 sau imaginar\u0103 &#8211; \u00een cazul de fa\u0163\u0103, cercetarea finalizat\u0103 prin textul scris -, reprezint\u0103 \u00een final o descoperire a propriilor deziderate \u015fi calit\u0103\u0163i. \u00cen acela\u015fi timp, ea semnific\u0103 o deschidere spiritual\u0103 c\u0103tre nou, care antreneaz\u0103 o schimbare, o re\u00eennoire.\u00a0Textele propuse spre lectur\u0103 prilejuiesc un dialog original \u00eentre prezent \u015fi trecut, \u00eentre noutate \u015fi lucrurile deja \u015ftiute. Contribu\u0163ia de marc\u0103 a personalit\u0103\u0163ilor evocate prefigureaz\u0103 viitorul muzicii rom\u00e2ne\u015fti: \u00een crea\u0163ie, interpretare, pedagogie. Autorii \u015fi-au concentrat aten\u0163ia asupra unor portrete de muzicieni, c\u0103rora le-au conferit relief, expresivitate \u015fi credibilitate, prin intermediul unor relat\u0103ri sincere, marcate de admira\u0163ie \u015fi devotament.&#8221; (Carmen Manea)<\/p>\n","protected":false},"excerpt":{"rendered":"<p>Volum alc\u0103tuit \u0219i \u00eengrijit de Carmen manea \u0219i Tatiana Noia. Con\u021bine comunic\u0103ri \u0219tiin\u021bifice sus\u021binute la simpozioanele catedrei de pian general UNMB <a href=\"https:\/\/www.edituraunmb.ro\/?product=akademusica-4-modele-umane-si-repere-profesionale\" style=\"padding-left:10px;\">Mai multe detalii<\/a><\/p>\n","protected":false},"featured_media":417,"comment_status":"open","ping_status":"closed","template":"","meta":{"_acf_changed":false},"product_brand":[],"product_cat":[98],"product_tag":[61,101,351],"class_list":{"0":"post-860","1":"product","2":"type-product","3":"status-publish","4":"has-post-thumbnail","6":"product_cat-98","7":"product_tag-akademusica","8":"product_tag-pedagogie","9":"product_tag-pedagogie-muzicala","10":"p_author-alexandru-dumitrescu","11":"p_author-carmen-manea","12":"p_author-corina-bura","13":"p_author-eliza-barzescu","14":"p_author-ioana-croitoru","15":"p_author-lucia-teodorescu","16":"p_author-oana-velcovici-radulescu","17":"p_author-sanda-hirlav-maistorovici","18":"p_author-stefan-thomasz","19":"p_author-tatiana-noia","20":"p_author-volum-colectiv","21":"t_lucrare-carte","23":"first","24":"instock","25":"shipping-taxable","26":"product-type-simple"},"acf":[],"_links":{"self":[{"href":"https:\/\/www.edituraunmb.ro\/index.php?rest_route=\/wp\/v2\/product\/860","targetHints":{"allow":["GET"]}}],"collection":[{"href":"https:\/\/www.edituraunmb.ro\/index.php?rest_route=\/wp\/v2\/product"}],"about":[{"href":"https:\/\/www.edituraunmb.ro\/index.php?rest_route=\/wp\/v2\/types\/product"}],"replies":[{"embeddable":true,"href":"https:\/\/www.edituraunmb.ro\/index.php?rest_route=%2Fwp%2Fv2%2Fcomments&post=860"}],"wp:featuredmedia":[{"embeddable":true,"href":"https:\/\/www.edituraunmb.ro\/index.php?rest_route=\/wp\/v2\/media\/417"}],"wp:attachment":[{"href":"https:\/\/www.edituraunmb.ro\/index.php?rest_route=%2Fwp%2Fv2%2Fmedia&parent=860"}],"wp:term":[{"taxonomy":"product_brand","embeddable":true,"href":"https:\/\/www.edituraunmb.ro\/index.php?rest_route=%2Fwp%2Fv2%2Fproduct_brand&post=860"},{"taxonomy":"product_cat","embeddable":true,"href":"https:\/\/www.edituraunmb.ro\/index.php?rest_route=%2Fwp%2Fv2%2Fproduct_cat&post=860"},{"taxonomy":"product_tag","embeddable":true,"href":"https:\/\/www.edituraunmb.ro\/index.php?rest_route=%2Fwp%2Fv2%2Fproduct_tag&post=860"}],"curies":[{"name":"wp","href":"https:\/\/api.w.org\/{rel}","templated":true}]}}