{"id":861,"date":"2015-08-12T06:57:18","date_gmt":"2015-08-12T06:57:18","guid":{"rendered":"http:\/\/www.edituraunmb.ro\/?product=akademusica-3-muzica-ratiune-si-emotie"},"modified":"2015-08-12T17:24:00","modified_gmt":"2015-08-12T17:24:00","slug":"akademusica-3-muzica-ratiune-si-emotie","status":"publish","type":"product","link":"https:\/\/www.edituraunmb.ro\/?product=akademusica-3-muzica-ratiune-si-emotie","title":{"rendered":"AkadeMusica 3. Muzica &#8211; ra\u021biune \u0219i emo\u021bie"},"content":{"rendered":"<p>&#8222;Studiile volumului de fa\u0163\u0103, cel de-al treilea al colec\u0163iei AkadeMusica, dovedesc preocup\u0103rile cadrelor didactice din Universitatea Na\u0163ional\u0103 de Muzic\u0103 din Bucure\u015fti pentru cunoa\u015fterea \u015fi implementarea noilor teorii \u00een \u00eenv\u0103\u0163\u0103m\u00e2ntul muzical rom\u00e2nesc \u015fi corelarea disciplinelor domeniului cu aceste noi perspective at\u00e2t \u00een ceea ce prive\u015fte educa\u0163ia muzical\u0103 general c\u00e2t \u015fi interpretarea instrumental\u0103. Sub titlul <em>Muzica \u2013 ra\u0163iune \u015fi emo\u0163ie <\/em>volumul reune\u015fte lucr\u0103ri prezentate la simpozionul cu acela\u015fi titlu organizat de Catedra de teorie \u015fi \u015ftiin\u0163ele educa\u0163iei \u00een 9 martie 2010 \u015fi la simpozionul organizat de Departamentul pentru Preg\u0103tirea Personalului Didactic \u00een 2 martie 2010, simpozioane ce au avut loc \u00een foaierul s\u0103lii <em>George Enescu<\/em> a Universit\u0103\u0163ii Na\u0163ionale de Muzic\u0103 din Bucure\u015fti.&#8221; (Tatiana Noia)<\/p>\n","protected":false},"excerpt":{"rendered":"<p>Volum alc\u0103tuit \u0219i \u00eengrijit de Tatiana Noia. Con\u021bine comunic\u0103ri \u0219tiin\u021bifice sus\u021binute la simpozioanele catedrei de\u00a0Studii teoretice \/ \u0219tiin\u021be ale educa\u021biei \u0219i Departamentul pentru preg\u0103tirea personalului didactic UNMB &#8211; 2010 <a href=\"https:\/\/www.edituraunmb.ro\/?product=akademusica-3-muzica-ratiune-si-emotie\" style=\"padding-left:10px;\">Mai multe detalii<\/a><\/p>\n","protected":false},"featured_media":416,"comment_status":"open","ping_status":"closed","template":"","meta":{"_acf_changed":false},"product_brand":[],"product_cat":[365],"product_tag":[61],"class_list":{"0":"post-861","1":"product","2":"type-product","3":"status-publish","4":"has-post-thumbnail","6":"product_cat-365","7":"product_tag-akademusica","8":"p_author-amelia-iliescu","9":"p_author-ancuta-simona-sandu","10":"p_author-cristina-popescu-stanesti","11":"p_author-dorina-arsenescu","12":"p_author-dragos-calin","13":"p_author-grigore-cudalbu","14":"p_author-lavinia-coman","15":"p_author-luiza-avram","16":"p_author-magda-buciu","17":"p_author-marcel-costea","18":"p_author-nicolae-coman","19":"p_author-olguta-lupu","20":"p_author-tatiana-hilca","21":"p_author-tatiana-noia","22":"p_author-vlad-dragomir","23":"p_author-volum-colectiv","24":"t_lucrare-carte","26":"first","27":"instock","28":"shipping-taxable","29":"product-type-simple"},"acf":[],"_links":{"self":[{"href":"https:\/\/www.edituraunmb.ro\/index.php?rest_route=\/wp\/v2\/product\/861","targetHints":{"allow":["GET"]}}],"collection":[{"href":"https:\/\/www.edituraunmb.ro\/index.php?rest_route=\/wp\/v2\/product"}],"about":[{"href":"https:\/\/www.edituraunmb.ro\/index.php?rest_route=\/wp\/v2\/types\/product"}],"replies":[{"embeddable":true,"href":"https:\/\/www.edituraunmb.ro\/index.php?rest_route=%2Fwp%2Fv2%2Fcomments&post=861"}],"wp:featuredmedia":[{"embeddable":true,"href":"https:\/\/www.edituraunmb.ro\/index.php?rest_route=\/wp\/v2\/media\/416"}],"wp:attachment":[{"href":"https:\/\/www.edituraunmb.ro\/index.php?rest_route=%2Fwp%2Fv2%2Fmedia&parent=861"}],"wp:term":[{"taxonomy":"product_brand","embeddable":true,"href":"https:\/\/www.edituraunmb.ro\/index.php?rest_route=%2Fwp%2Fv2%2Fproduct_brand&post=861"},{"taxonomy":"product_cat","embeddable":true,"href":"https:\/\/www.edituraunmb.ro\/index.php?rest_route=%2Fwp%2Fv2%2Fproduct_cat&post=861"},{"taxonomy":"product_tag","embeddable":true,"href":"https:\/\/www.edituraunmb.ro\/index.php?rest_route=%2Fwp%2Fv2%2Fproduct_tag&post=861"}],"curies":[{"name":"wp","href":"https:\/\/api.w.org\/{rel}","templated":true}]}}