{"id":862,"date":"2015-08-12T07:03:39","date_gmt":"2015-08-12T07:03:39","guid":{"rendered":"http:\/\/www.edituraunmb.ro\/?product=akademusica-2-george-manoliu"},"modified":"2015-08-12T17:22:58","modified_gmt":"2015-08-12T17:22:58","slug":"akademusica-2-george-manoliu","status":"publish","type":"product","link":"https:\/\/www.edituraunmb.ro\/?product=akademusica-2-george-manoliu","title":{"rendered":"AkadeMusica 2. George Manoliu"},"content":{"rendered":"<p>&#8222;Cei care au avut norocul s\u0103 fie c\u0103l\u0103uzi\u0163i de un adev\u0103rat <em>maestru<\/em> pot fi recunosc\u0103tori pentru darul pe care l-au primit, acel dar care le-a f\u0103cut mai u\u015for \u015fi mai frumos, fizic \u015fi spiritual, spinosul drum al form\u0103rii ca arti\u015fti instrumenti\u015fti. Pentru ceilal\u0163i, cei mai pu\u0163in noroco\u015fi, profesorii de instrument se pot plasa pe diferite paliere ale scalei ,,cu har \u015fi f\u0103r\u0103 de har\u201d. Corespunz\u0103tor acesteia este desigur scala elevilor ,,chema\u0163i \u015fi nechema\u0163i\u201d.\u00a0Ceea ce este foarte interesant \u00een evolu\u0163ia artei instrumentale este faptul c\u0103 ,,cei cu har\u201d \u015fi ,,cei chema\u0163i\u201d, mai devreme sau mai t\u00e2rziu se \u00eent\u00e2lnesc, se recunosc, se pun \u00een valoare. Personalitatea, concep\u0163ia interpretativ\u0103, metoda pedagogic\u0103 a unui maestru sunt excelente pentru discipolii direc\u0163i dar cu timpul devin un bun al artei pedagogice de care beneficiaz\u0103 o arie mult mai larg\u0103 de elevi.\u00a0Un astfel de maestru al artei interpretative \u015fi al pedagogiei violonistice rom\u00e2ne\u015fti este George Manoliu.&#8221; (Tatiana Noia)<\/p>\n","protected":false},"excerpt":{"rendered":"<p>Volum alc\u0103tuit \u0219i \u00eengrijit de Tatiana Noia. Con\u021bine lucr\u0103rile Simpozionului &#8222;George Manoliu&#8221; UNMB, 17 mai 2011 <a href=\"https:\/\/www.edituraunmb.ro\/?product=akademusica-2-george-manoliu\" style=\"padding-left:10px;\">Mai multe detalii<\/a><\/p>\n","protected":false},"featured_media":415,"comment_status":"open","ping_status":"closed","template":"","meta":{"_acf_changed":false},"product_brand":[],"product_cat":[365],"product_tag":[61],"class_list":{"0":"post-862","1":"product","2":"type-product","3":"status-publish","4":"has-post-thumbnail","6":"product_cat-365","7":"product_tag-akademusica","8":"p_author-corina-bura","9":"p_author-iulia-timiras","10":"p_author-marcel-frandes","11":"p_author-petre-lefterescu","12":"p_author-petru-munteanu","13":"p_author-raluca-voicu","14":"p_author-tatiana-hilca","15":"t_lucrare-carte","17":"first","18":"instock","19":"shipping-taxable","20":"product-type-simple"},"acf":[],"_links":{"self":[{"href":"https:\/\/www.edituraunmb.ro\/index.php?rest_route=\/wp\/v2\/product\/862","targetHints":{"allow":["GET"]}}],"collection":[{"href":"https:\/\/www.edituraunmb.ro\/index.php?rest_route=\/wp\/v2\/product"}],"about":[{"href":"https:\/\/www.edituraunmb.ro\/index.php?rest_route=\/wp\/v2\/types\/product"}],"replies":[{"embeddable":true,"href":"https:\/\/www.edituraunmb.ro\/index.php?rest_route=%2Fwp%2Fv2%2Fcomments&post=862"}],"wp:featuredmedia":[{"embeddable":true,"href":"https:\/\/www.edituraunmb.ro\/index.php?rest_route=\/wp\/v2\/media\/415"}],"wp:attachment":[{"href":"https:\/\/www.edituraunmb.ro\/index.php?rest_route=%2Fwp%2Fv2%2Fmedia&parent=862"}],"wp:term":[{"taxonomy":"product_brand","embeddable":true,"href":"https:\/\/www.edituraunmb.ro\/index.php?rest_route=%2Fwp%2Fv2%2Fproduct_brand&post=862"},{"taxonomy":"product_cat","embeddable":true,"href":"https:\/\/www.edituraunmb.ro\/index.php?rest_route=%2Fwp%2Fv2%2Fproduct_cat&post=862"},{"taxonomy":"product_tag","embeddable":true,"href":"https:\/\/www.edituraunmb.ro\/index.php?rest_route=%2Fwp%2Fv2%2Fproduct_tag&post=862"}],"curies":[{"name":"wp","href":"https:\/\/api.w.org\/{rel}","templated":true}]}}