{"id":863,"date":"2015-08-12T07:10:02","date_gmt":"2015-08-12T07:10:02","guid":{"rendered":"http:\/\/www.edituraunmb.ro\/?product=akademusica-1-florilegium-estetica-si-hermeneutica-interpretativa"},"modified":"2017-04-10T13:01:30","modified_gmt":"2017-04-10T13:01:30","slug":"akademusica-1-florilegium-estetica-si-hermeneutica-interpretativa","status":"publish","type":"product","link":"https:\/\/www.edituraunmb.ro\/?product=akademusica-1-florilegium-estetica-si-hermeneutica-interpretativa","title":{"rendered":"AkadeMusica 1. Florilegium. Estetic\u0103 \u0219i hermeneutic\u0103 interpretativ\u0103"},"content":{"rendered":"<p>&#8222;Ini\u021biat\u0103 \u00een anul 1996 de c\u0103tre domnul profesor universitar Grigore Constantinescu cu scopul de a p\u0103stra contribu\u021biile \u0219tiin\u021bifice ale cadrelor didactice \u0219i ale studen\u021bilor din UNMB, revista Akademos propune ast\u0103zi cititorilor o schimbare \u00een ceea ce prive\u0219te prezentarea \u0219i anume reunirea materialelor \u00een volume ale unei colec\u021bii ce va purta titlul de AKADEMUSICA. Primul volum intitulat <em>Florilegium. Estetic\u0103 \u015fi hermeneutic\u0103 interpretativ\u0103 <\/em>cuprinde comunic\u0103rile prezentate de profesori \u015fi studen\u0163i \u00een Sesiunile \u015ftiin\u0163ifice \u015fi artistice ale Catedrei de instrumente de coarde, ce au avut loc \u00een 6 ianuarie 2010, 21 mai 2010 \u015fi 14 decembrie 2010 \u00een S\u0103lile ,,George Enescu\u201d \u015fi ,,Dinu Lipatti\u201d din UNMB. Volumul demonstreaz\u0103 o temeinic\u0103 munc\u0103 de cercetare a fenomenului interpretativ, pornind de la aspectele estetice ale raporturilor operelor de art\u0103 cu realitatea istoric\u0103 \u015fi actual\u0103, merg\u00e2nd la analiza aprofundat\u0103 a textelor muzicale, descifrarea sensurilor \u015fi corelarea lor cu limbajul instrumental. Nu lipsesc abord\u0103rile pedagogice \u015fi metodice ale actului interpretativ instrumental privit at\u00e2t din punctul de vedere al profesorului c\u00e2t \u015fi al studentului. \u00cen demersurile analitice ale prezentului volum detaliul devine elementul important ce poate ad\u00e2nci, \u00eembog\u0103\u0163i sau deschide o nou\u0103 perspectiv\u0103 asupra opusului \u015fi compozitorului pe de o parte \u015fi asupra interpretului pe de alt\u0103 parte. Astfel, fiecare interpretare \u2013 sonor\u0103\/instrumental\u0103 sau scris\u0103\/\u015ftiin\u0163ific\u0103 \u2013 devine un cr\u00e2mpei de via\u0163\u0103, de \u00een\u0163elegere a doi arti\u015fti, a dou\u0103 personalit\u0103\u0163i, a doi oameni.&#8221; (Tatiana Noia)<\/p>\n","protected":false},"excerpt":{"rendered":"<p>Volum alc\u0103tuit \u0219i \u00eengrijit de Tatiana Noia. Con\u021binecomunic\u0103ri \u0219tiin\u021bifice sus&#8217;inute la simpozioanele catedrei de instrumente cu coarde din anul 2010 UNMB. <a href=\"https:\/\/www.edituraunmb.ro\/?product=akademusica-1-florilegium-estetica-si-hermeneutica-interpretativa\" style=\"padding-left:10px;\">Mai multe detalii<\/a><\/p>\n","protected":false},"featured_media":414,"comment_status":"open","ping_status":"closed","template":"","meta":{"_acf_changed":false},"product_brand":[],"product_cat":[365],"product_tag":[61],"class_list":{"0":"post-863","1":"product","2":"type-product","3":"status-publish","4":"has-post-thumbnail","6":"product_cat-365","7":"product_tag-akademusica","8":"p_author-alexandra-milea","9":"p_author-corina-bura","10":"p_author-ioana-croitoru","11":"p_author-ioana-jijian","12":"p_author-ionut-zamfirescu","13":"p_author-luminita-virginia-burca","14":"p_author-marcel-frandes","15":"p_author-michael-georgescu","16":"p_author-nicu-diaconiuc","17":"p_author-octavian-ratiu","18":"p_author-tatiana-noia","19":"t_lucrare-carte","21":"first","22":"instock","23":"shipping-taxable","24":"product-type-simple"},"acf":[],"_links":{"self":[{"href":"https:\/\/www.edituraunmb.ro\/index.php?rest_route=\/wp\/v2\/product\/863","targetHints":{"allow":["GET"]}}],"collection":[{"href":"https:\/\/www.edituraunmb.ro\/index.php?rest_route=\/wp\/v2\/product"}],"about":[{"href":"https:\/\/www.edituraunmb.ro\/index.php?rest_route=\/wp\/v2\/types\/product"}],"replies":[{"embeddable":true,"href":"https:\/\/www.edituraunmb.ro\/index.php?rest_route=%2Fwp%2Fv2%2Fcomments&post=863"}],"wp:featuredmedia":[{"embeddable":true,"href":"https:\/\/www.edituraunmb.ro\/index.php?rest_route=\/wp\/v2\/media\/414"}],"wp:attachment":[{"href":"https:\/\/www.edituraunmb.ro\/index.php?rest_route=%2Fwp%2Fv2%2Fmedia&parent=863"}],"wp:term":[{"taxonomy":"product_brand","embeddable":true,"href":"https:\/\/www.edituraunmb.ro\/index.php?rest_route=%2Fwp%2Fv2%2Fproduct_brand&post=863"},{"taxonomy":"product_cat","embeddable":true,"href":"https:\/\/www.edituraunmb.ro\/index.php?rest_route=%2Fwp%2Fv2%2Fproduct_cat&post=863"},{"taxonomy":"product_tag","embeddable":true,"href":"https:\/\/www.edituraunmb.ro\/index.php?rest_route=%2Fwp%2Fv2%2Fproduct_tag&post=863"}],"curies":[{"name":"wp","href":"https:\/\/api.w.org\/{rel}","templated":true}]}}