{"id":864,"date":"2015-08-12T07:20:57","date_gmt":"2015-08-12T07:20:57","guid":{"rendered":"http:\/\/www.edituraunmb.ro\/?product=wolfgang-amadeus-mozart-perspectiva-contemporana"},"modified":"2015-08-12T07:26:27","modified_gmt":"2015-08-12T07:26:27","slug":"wolfgang-amadeus-mozart-perspectiva-contemporana","status":"publish","type":"product","link":"https:\/\/www.edituraunmb.ro\/?product=wolfgang-amadeus-mozart-perspectiva-contemporana","title":{"rendered":"Wolfgang Amadeus Mozart. Perspectiv\u0103 contemporan\u0103"},"content":{"rendered":"","protected":false},"excerpt":{"rendered":"<p>Volum alc\u0103tuit \u0219i \u00eengrijit de Laura Manolache \u0219i Liliana B\u00e2rnat.\u00a0Con\u021bine lucr\u0103rile simpozionului\u00a0<em>Wolfgang Amadeus Mozart &#8211; perspectiv\u0103 contemporan\u0103,\u00a0<\/em>Bucure\u0219ti, 13 aprilie 2006 <a href=\"https:\/\/www.edituraunmb.ro\/?product=wolfgang-amadeus-mozart-perspectiva-contemporana\" style=\"padding-left:10px;\">Mai multe detalii<\/a><\/p>\n","protected":false},"featured_media":559,"comment_status":"open","ping_status":"closed","template":"","meta":{"_acf_changed":false},"product_brand":[],"product_cat":[95],"product_tag":[],"class_list":{"0":"post-864","1":"product","2":"type-product","3":"status-publish","4":"has-post-thumbnail","6":"product_cat-95","7":"p_author-anamaria-calin","8":"p_author-camelia-pavlenco","9":"p_author-dan-dediu","10":"p_author-grigore-constantinescu","11":"p_author-irina-boga","12":"p_author-ladislau-csendes","13":"p_author-laura-leontiuc","14":"p_author-liliana-barnat","15":"p_author-oana-velcovici-radulescu","16":"p_author-sanda-hirlav-maistorovici","17":"p_author-tatiana-noia","18":"p_author-veturia-dimoftache","19":"p_author-volum-colectiv","20":"t_lucrare-carte","22":"first","23":"instock","24":"shipping-taxable","25":"product-type-simple"},"acf":[],"_links":{"self":[{"href":"https:\/\/www.edituraunmb.ro\/index.php?rest_route=\/wp\/v2\/product\/864","targetHints":{"allow":["GET"]}}],"collection":[{"href":"https:\/\/www.edituraunmb.ro\/index.php?rest_route=\/wp\/v2\/product"}],"about":[{"href":"https:\/\/www.edituraunmb.ro\/index.php?rest_route=\/wp\/v2\/types\/product"}],"replies":[{"embeddable":true,"href":"https:\/\/www.edituraunmb.ro\/index.php?rest_route=%2Fwp%2Fv2%2Fcomments&post=864"}],"wp:featuredmedia":[{"embeddable":true,"href":"https:\/\/www.edituraunmb.ro\/index.php?rest_route=\/wp\/v2\/media\/559"}],"wp:attachment":[{"href":"https:\/\/www.edituraunmb.ro\/index.php?rest_route=%2Fwp%2Fv2%2Fmedia&parent=864"}],"wp:term":[{"taxonomy":"product_brand","embeddable":true,"href":"https:\/\/www.edituraunmb.ro\/index.php?rest_route=%2Fwp%2Fv2%2Fproduct_brand&post=864"},{"taxonomy":"product_cat","embeddable":true,"href":"https:\/\/www.edituraunmb.ro\/index.php?rest_route=%2Fwp%2Fv2%2Fproduct_cat&post=864"},{"taxonomy":"product_tag","embeddable":true,"href":"https:\/\/www.edituraunmb.ro\/index.php?rest_route=%2Fwp%2Fv2%2Fproduct_tag&post=864"}],"curies":[{"name":"wp","href":"https:\/\/api.w.org\/{rel}","templated":true}]}}