{"id":865,"date":"2015-08-12T07:26:59","date_gmt":"2015-08-12T07:26:59","guid":{"rendered":"http:\/\/www.edituraunmb.ro\/?product=arta-interpretativa-romaneasca"},"modified":"2015-08-12T07:34:32","modified_gmt":"2015-08-12T07:34:32","slug":"arta-interpretativa-romaneasca","status":"publish","type":"product","link":"https:\/\/www.edituraunmb.ro\/?product=arta-interpretativa-romaneasca","title":{"rendered":"Arta interpretativ\u0103 rom\u00e2neasc\u0103"},"content":{"rendered":"","protected":false},"excerpt":{"rendered":"<p>Volum alc\u0103tuit \u0219i \u00eengrijit de Tatiana Noia \u0219i Diana Elena Mur\u0103\u0219an.\u00a0Con\u021bine comunic\u0103ri \u0219tiin\u021bifice prezentate \u00een cadrul Zilelor Facult\u0103\u021bii de Interpretare Muzical\u0103, 17-25 martie 2008 <a href=\"https:\/\/www.edituraunmb.ro\/?product=arta-interpretativa-romaneasca\" style=\"padding-left:10px;\">Mai multe detalii<\/a><\/p>\n","protected":false},"featured_media":400,"comment_status":"open","ping_status":"closed","template":"","meta":{"_acf_changed":false},"product_brand":[],"product_cat":[114],"product_tag":[],"class_list":{"0":"post-865","1":"product","2":"type-product","3":"status-publish","4":"has-post-thumbnail","6":"product_cat-114","7":"p_author-alin-ionescu","8":"p_author-andra-fratila","9":"p_author-carmen-manea","10":"p_author-corina-bura","11":"p_author-eleonora-enachescu","12":"p_author-ghizela-tulvan","13":"p_author-ion-cheptea","14":"p_author-lavinia-coman","15":"p_author-liliana-nedelciu","16":"p_author-luiza-avram","17":"p_author-marcel-frandes","18":"p_author-monica-repanovici","19":"p_author-oana-velcovici-radulescu","20":"p_author-sanda-hirlav-maistorovici","21":"p_author-tatiana-noia","22":"p_author-victoria-dumitrescu-basta","23":"t_lucrare-carte","25":"first","26":"instock","27":"shipping-taxable","28":"product-type-simple"},"acf":[],"_links":{"self":[{"href":"https:\/\/www.edituraunmb.ro\/index.php?rest_route=\/wp\/v2\/product\/865","targetHints":{"allow":["GET"]}}],"collection":[{"href":"https:\/\/www.edituraunmb.ro\/index.php?rest_route=\/wp\/v2\/product"}],"about":[{"href":"https:\/\/www.edituraunmb.ro\/index.php?rest_route=\/wp\/v2\/types\/product"}],"replies":[{"embeddable":true,"href":"https:\/\/www.edituraunmb.ro\/index.php?rest_route=%2Fwp%2Fv2%2Fcomments&post=865"}],"wp:featuredmedia":[{"embeddable":true,"href":"https:\/\/www.edituraunmb.ro\/index.php?rest_route=\/wp\/v2\/media\/400"}],"wp:attachment":[{"href":"https:\/\/www.edituraunmb.ro\/index.php?rest_route=%2Fwp%2Fv2%2Fmedia&parent=865"}],"wp:term":[{"taxonomy":"product_brand","embeddable":true,"href":"https:\/\/www.edituraunmb.ro\/index.php?rest_route=%2Fwp%2Fv2%2Fproduct_brand&post=865"},{"taxonomy":"product_cat","embeddable":true,"href":"https:\/\/www.edituraunmb.ro\/index.php?rest_route=%2Fwp%2Fv2%2Fproduct_cat&post=865"},{"taxonomy":"product_tag","embeddable":true,"href":"https:\/\/www.edituraunmb.ro\/index.php?rest_route=%2Fwp%2Fv2%2Fproduct_tag&post=865"}],"curies":[{"name":"wp","href":"https:\/\/api.w.org\/{rel}","templated":true}]}}