{"id":882,"date":"2015-08-12T08:14:22","date_gmt":"2015-08-12T08:14:22","guid":{"rendered":"http:\/\/www.edituraunmb.ro\/?product=studii-de-sinteza-2012-2013-vol-ii-copiat"},"modified":"2015-08-12T08:18:43","modified_gmt":"2015-08-12T08:18:43","slug":"studii-de-sinteza-2012-2013-vol-ii-copiat","status":"publish","type":"product","link":"https:\/\/www.edituraunmb.ro\/?product=studii-de-sinteza-2012-2013-vol-ii-copiat","title":{"rendered":"Studii de sintez\u0103 2012-2013, vol. III"},"content":{"rendered":"<table width=\"364\">\n<tbody>\n<tr>\n<td>\u00cenfiin\u021bat \u00een Universitatea Na\u021bional\u0103 de Muzic\u0103 din Bucure\u0219ti ca urmare a c\u00e2\u0219tig\u0103rii unui concurs de proiecte finan\u021bate din fonduri europene, Institutul de Studii Muzicale Doctorale Avansate MIDAS (Music Institute for Doctoral Advanced Studies) a avut la baz\u0103, \u00eenc\u0103 de la \u00eenceput, nevoia de a dialoga a profesioni\u0219tilor domeniului muzical din Rom\u00e2nia. Astfel, Universitatea Na\u021bional\u0103 de Muzic\u0103 din Bucure\u0219ti, \u00een parteneriat cu Universitatea de Arte \u201dGeorge Enescu \u201d din Ia\u0219i, Academia de Muzic\u0103 \u201dGheorghe Dima\u201d din Cluj \u0219i Institutul CESPE al Academiei Rom\u00e2ne au imaginat un proiect care are ca scop \u00eentemeierea unui <em>think-tank<\/em> muzical la Bucure\u0219ti, prin promovarea unui spirit deschis, inovativ, receptiv la schimb\u0103rile de paradigm\u0103 \u00een actualitate, a unui dialog constructiv \u0219i eficace \u00een domeniul muzical. Timp de doi ani, \u00eentre 2011\u00ad-2013, Institutul MIDAS inten\u021bioneaz\u0103 acordarea a 50 de burse post-doctorale pentru cercet\u0103torii rom\u00e2ni din domeniul muzic\u0103. (Dan Dediu)<\/td>\n<\/tr>\n<\/tbody>\n<\/table>\n","protected":false},"excerpt":{"rendered":"<p>\u00cenfiin\u021bat \u00een Universitatea Na\u021bional\u0103 de Muzic\u0103 din Bucure\u0219ti ca urmare a c\u00e2\u0219tig\u0103rii unui concurs de proiecte finan\u021bate din fonduri europene, Institutul de Studii Muzicale Doctorale Avansate MIDAS (Music Institute for Doctoral Advanced Studies) a avut la baz\u0103, \u00eenc\u0103 de la &hellip; <a href=\"https:\/\/www.edituraunmb.ro\/?product=studii-de-sinteza-2012-2013-vol-ii-copiat\" style=\"padding-left:10px;\">Mai multe detalii<\/a><\/p>\n","protected":false},"featured_media":871,"comment_status":"open","ping_status":"closed","template":"","meta":{"_acf_changed":false},"product_brand":[],"product_cat":[18],"product_tag":[],"class_list":{"0":"post-882","1":"product","2":"type-product","3":"status-publish","4":"has-post-thumbnail","6":"product_cat-an2013","7":"p_author-andreea-tanasescu","8":"p_author-bianca-temes","9":"p_author-erich-michael-turk","10":"p_author-grigore-cudalbu","11":"p_author-irina-zamfira-danila","12":"p_author-mihail-ghiga","13":"p_author-petruta-maniut-coroiu","14":"p_author-steffen-markus-schnallt","15":"t_lucrare-carte","17":"first","18":"instock","19":"shipping-taxable","20":"product-type-simple"},"acf":[],"_links":{"self":[{"href":"https:\/\/www.edituraunmb.ro\/index.php?rest_route=\/wp\/v2\/product\/882","targetHints":{"allow":["GET"]}}],"collection":[{"href":"https:\/\/www.edituraunmb.ro\/index.php?rest_route=\/wp\/v2\/product"}],"about":[{"href":"https:\/\/www.edituraunmb.ro\/index.php?rest_route=\/wp\/v2\/types\/product"}],"replies":[{"embeddable":true,"href":"https:\/\/www.edituraunmb.ro\/index.php?rest_route=%2Fwp%2Fv2%2Fcomments&post=882"}],"wp:featuredmedia":[{"embeddable":true,"href":"https:\/\/www.edituraunmb.ro\/index.php?rest_route=\/wp\/v2\/media\/871"}],"wp:attachment":[{"href":"https:\/\/www.edituraunmb.ro\/index.php?rest_route=%2Fwp%2Fv2%2Fmedia&parent=882"}],"wp:term":[{"taxonomy":"product_brand","embeddable":true,"href":"https:\/\/www.edituraunmb.ro\/index.php?rest_route=%2Fwp%2Fv2%2Fproduct_brand&post=882"},{"taxonomy":"product_cat","embeddable":true,"href":"https:\/\/www.edituraunmb.ro\/index.php?rest_route=%2Fwp%2Fv2%2Fproduct_cat&post=882"},{"taxonomy":"product_tag","embeddable":true,"href":"https:\/\/www.edituraunmb.ro\/index.php?rest_route=%2Fwp%2Fv2%2Fproduct_tag&post=882"}],"curies":[{"name":"wp","href":"https:\/\/api.w.org\/{rel}","templated":true}]}}